{"id":2,"date":"2023-12-28T09:11:27","date_gmt":"2023-12-28T09:11:27","guid":{"rendered":"https:\/\/engelsizedebiyat.com.tr\/?page_id=2"},"modified":"2025-06-04T11:38:21","modified_gmt":"2025-06-04T11:38:21","slug":"engelsiz-edebiyat","status":"publish","type":"page","link":"https:\/\/engelsizedebiyat.com.tr\/?page_id=2","title":{"rendered":"Hakk\u0131m\u0131zda"},"content":{"rendered":"<body>\t\t<div data-elementor-type=\"wp-page\" data-elementor-id=\"2\" class=\"elementor elementor-2\">\n\t\t\t\t<div class=\"elementor-element elementor-element-6faf7169 e-flex e-con-boxed e-con e-parent\" data-id=\"6faf7169\" data-element_type=\"container\" data-e-type=\"container\">\n\t\t\t\t\t<div class=\"e-con-inner\">\n\t\t\t\t<div class=\"elementor-element elementor-element-5d68fffa elementor-widget elementor-widget-text-editor\" data-id=\"5d68fffa\" data-element_type=\"widget\" data-e-type=\"widget\" data-widget_type=\"text-editor.default\">\n\t\t\t\t<div class=\"elementor-widget-container\">\n\t\t\t\t\t\t\t\t\t\n<p>Sitemiz Haz\u0131rlanmaktad\u0131r<\/p>\n\t\t<\/div>\n\t\t<\/div><\/div><\/div><\/div><\/body>","protected":false},"excerpt":{"rendered":"<p>Sitemiz Haz\u0131rlanmaktad\u0131r Hakk\u0131m\u0131zda https:\/\/youtu.be\/aKEzVL6yAXc Karab\u00fck Demir \u00c7elik Anadolu Lisesi \u00d6\u011frencileri olarak Dan\u0131\u015fman \u00d6\u011fretmenimiz Ferican ERG\u0130N rehberli\u011finde arkada\u015f\u0131m Furkan Utku Kartal ve ben Emir Aksu, k\u00fclt\u00fcrel miras\u0131m\u0131za sahip \u00e7\u0131kmak i\u00e7in kadim k\u00fclt\u00fcr\u00fcm\u00fcz\u00fcn uzant\u0131s\u0131 olan edebi eserleri (ba\u015flang\u0131\u00e7 olarak efsaneler)\u00a0 \u00a0biliyor ve \u00f6\u011fretiyoruz ilkesiyle proje \u00e7al\u0131\u015fmalar\u0131na ba\u015flad\u0131k. \u00a0\u00a0\u00a0 Toplumun bir par\u00e7as\u0131 olan g\u00f6rme engelli bireylerin de efsanelerimize [&hellip;]<\/p>\n","protected":false},"author":1,"featured_media":0,"parent":0,"menu_order":0,"comment_status":"closed","ping_status":"open","template":"elementor_header_footer","meta":{"om_disable_all_campaigns":false,"footnotes":""},"class_list":["post-2","page","type-page","status-publish","hentry"],"yoast_head":"<!-- This site is optimized with the Yoast SEO plugin v27.4 - https:\/\/yoast.com\/product\/yoast-seo-wordpress\/ -->\n<title>Hakk\u0131m\u0131zda - Engelsiz Edebiyat<\/title>\n<meta name=\"robots\" content=\"index, follow, max-snippet:-1, max-image-preview:large, max-video-preview:-1\" \/>\n<link rel=\"canonical\" href=\"https:\/\/engelsizedebiyat.com.tr\/?page_id=2\" \/>\n<meta property=\"og:locale\" content=\"tr_TR\" \/>\n<meta property=\"og:type\" content=\"article\" \/>\n<meta property=\"og:title\" content=\"Hakk\u0131m\u0131zda - Engelsiz Edebiyat\" \/>\n<meta property=\"og:description\" content=\"Sitemiz Haz\u0131rlanmaktad\u0131r Hakk\u0131m\u0131zda https:\/\/youtu.be\/aKEzVL6yAXc Karab\u00fck Demir \u00c7elik Anadolu Lisesi \u00d6\u011frencileri olarak Dan\u0131\u015fman \u00d6\u011fretmenimiz Ferican ERG\u0130N rehberli\u011finde arkada\u015f\u0131m Furkan Utku Kartal ve ben Emir Aksu, k\u00fclt\u00fcrel miras\u0131m\u0131za sahip \u00e7\u0131kmak i\u00e7in kadim k\u00fclt\u00fcr\u00fcm\u00fcz\u00fcn uzant\u0131s\u0131 olan edebi eserleri (ba\u015flang\u0131\u00e7 olarak efsaneler)\u00a0 \u00a0biliyor ve \u00f6\u011fretiyoruz ilkesiyle proje \u00e7al\u0131\u015fmalar\u0131na ba\u015flad\u0131k. \u00a0\u00a0\u00a0 Toplumun bir par\u00e7as\u0131 olan g\u00f6rme engelli bireylerin de efsanelerimize [&hellip;]\" \/>\n<meta property=\"og:url\" content=\"https:\/\/engelsizedebiyat.com.tr\/?page_id=2\" \/>\n<meta property=\"og:site_name\" content=\"Engelsiz Edebiyat\" \/>\n<meta property=\"article:modified_time\" content=\"2025-06-04T11:38:21+00:00\" \/>\n<meta property=\"og:image\" content=\"http:\/\/engelsizedebiyat.com.tr\/wp-content\/uploads\/2024\/01\/WhatsApp-Image-2024-01-08-at-14.35.58-1024x1024.jpeg\" \/>\n<meta name=\"twitter:card\" content=\"summary_large_image\" \/>\n<meta name=\"twitter:label1\" content=\"Tahmini okuma s\u00fcresi\" \/>\n\t<meta name=\"twitter:data1\" content=\"4 dakika\" \/>\n<script type=\"application\/ld+json\" class=\"yoast-schema-graph\">{\"@context\":\"https:\\\/\\\/schema.org\",\"@graph\":[{\"@type\":\"WebPage\",\"@id\":\"https:\\\/\\\/engelsizedebiyat.com.tr\\\/?page_id=2\",\"url\":\"https:\\\/\\\/engelsizedebiyat.com.tr\\\/?page_id=2\",\"name\":\"Hakk\u0131m\u0131zda - Engelsiz Edebiyat\",\"isPartOf\":{\"@id\":\"https:\\\/\\\/engelsizedebiyat.com.tr\\\/#website\"},\"primaryImageOfPage\":{\"@id\":\"https:\\\/\\\/engelsizedebiyat.com.tr\\\/?page_id=2#primaryimage\"},\"image\":{\"@id\":\"https:\\\/\\\/engelsizedebiyat.com.tr\\\/?page_id=2#primaryimage\"},\"thumbnailUrl\":\"http:\\\/\\\/engelsizedebiyat.com.tr\\\/wp-content\\\/uploads\\\/2024\\\/01\\\/WhatsApp-Image-2024-01-08-at-14.35.58-1024x1024.jpeg\",\"datePublished\":\"2023-12-28T09:11:27+00:00\",\"dateModified\":\"2025-06-04T11:38:21+00:00\",\"breadcrumb\":{\"@id\":\"https:\\\/\\\/engelsizedebiyat.com.tr\\\/?page_id=2#breadcrumb\"},\"inLanguage\":\"tr\",\"potentialAction\":[{\"@type\":\"ReadAction\",\"target\":[\"https:\\\/\\\/engelsizedebiyat.com.tr\\\/?page_id=2\"]}]},{\"@type\":\"ImageObject\",\"inLanguage\":\"tr\",\"@id\":\"https:\\\/\\\/engelsizedebiyat.com.tr\\\/?page_id=2#primaryimage\",\"url\":\"http:\\\/\\\/engelsizedebiyat.com.tr\\\/wp-content\\\/uploads\\\/2024\\\/01\\\/WhatsApp-Image-2024-01-08-at-14.35.58-1024x1024.jpeg\",\"contentUrl\":\"http:\\\/\\\/engelsizedebiyat.com.tr\\\/wp-content\\\/uploads\\\/2024\\\/01\\\/WhatsApp-Image-2024-01-08-at-14.35.58-1024x1024.jpeg\"},{\"@type\":\"BreadcrumbList\",\"@id\":\"https:\\\/\\\/engelsizedebiyat.com.tr\\\/?page_id=2#breadcrumb\",\"itemListElement\":[{\"@type\":\"ListItem\",\"position\":1,\"name\":\"Anasayfa\",\"item\":\"https:\\\/\\\/engelsizedebiyat.com.tr\\\/\"},{\"@type\":\"ListItem\",\"position\":2,\"name\":\"Hakk\u0131m\u0131zda\"}]},{\"@type\":\"WebSite\",\"@id\":\"https:\\\/\\\/engelsizedebiyat.com.tr\\\/#website\",\"url\":\"https:\\\/\\\/engelsizedebiyat.com.tr\\\/\",\"name\":\"Engelsiz Edebiyat\",\"description\":\"\",\"publisher\":{\"@id\":\"https:\\\/\\\/engelsizedebiyat.com.tr\\\/#organization\"},\"potentialAction\":[{\"@type\":\"SearchAction\",\"target\":{\"@type\":\"EntryPoint\",\"urlTemplate\":\"https:\\\/\\\/engelsizedebiyat.com.tr\\\/?s={search_term_string}\"},\"query-input\":{\"@type\":\"PropertyValueSpecification\",\"valueRequired\":true,\"valueName\":\"search_term_string\"}}],\"inLanguage\":\"tr\"},{\"@type\":\"Organization\",\"@id\":\"https:\\\/\\\/engelsizedebiyat.com.tr\\\/#organization\",\"name\":\"Engelsiz Edebiyat\",\"url\":\"https:\\\/\\\/engelsizedebiyat.com.tr\\\/\",\"logo\":{\"@type\":\"ImageObject\",\"inLanguage\":\"tr\",\"@id\":\"https:\\\/\\\/engelsizedebiyat.com.tr\\\/#\\\/schema\\\/logo\\\/image\\\/\",\"url\":\"https:\\\/\\\/engelsizedebiyat.com.tr\\\/wp-content\\\/uploads\\\/2023\\\/12\\\/cropped-logokucuk.jpg\",\"contentUrl\":\"https:\\\/\\\/engelsizedebiyat.com.tr\\\/wp-content\\\/uploads\\\/2023\\\/12\\\/cropped-logokucuk.jpg\",\"width\":300,\"height\":150,\"caption\":\"Engelsiz Edebiyat\"},\"image\":{\"@id\":\"https:\\\/\\\/engelsizedebiyat.com.tr\\\/#\\\/schema\\\/logo\\\/image\\\/\"}}]}<\/script>\n<!-- \/ Yoast SEO plugin. -->","yoast_head_json":{"title":"Hakk\u0131m\u0131zda - Engelsiz Edebiyat","robots":{"index":"index","follow":"follow","max-snippet":"max-snippet:-1","max-image-preview":"max-image-preview:large","max-video-preview":"max-video-preview:-1"},"canonical":"https:\/\/engelsizedebiyat.com.tr\/?page_id=2","og_locale":"tr_TR","og_type":"article","og_title":"Hakk\u0131m\u0131zda - Engelsiz Edebiyat","og_description":"Sitemiz Haz\u0131rlanmaktad\u0131r Hakk\u0131m\u0131zda https:\/\/youtu.be\/aKEzVL6yAXc Karab\u00fck Demir \u00c7elik Anadolu Lisesi \u00d6\u011frencileri olarak Dan\u0131\u015fman \u00d6\u011fretmenimiz Ferican ERG\u0130N rehberli\u011finde arkada\u015f\u0131m Furkan Utku Kartal ve ben Emir Aksu, k\u00fclt\u00fcrel miras\u0131m\u0131za sahip \u00e7\u0131kmak i\u00e7in kadim k\u00fclt\u00fcr\u00fcm\u00fcz\u00fcn uzant\u0131s\u0131 olan edebi eserleri (ba\u015flang\u0131\u00e7 olarak efsaneler)\u00a0 \u00a0biliyor ve \u00f6\u011fretiyoruz ilkesiyle proje \u00e7al\u0131\u015fmalar\u0131na ba\u015flad\u0131k. \u00a0\u00a0\u00a0 Toplumun bir par\u00e7as\u0131 olan g\u00f6rme engelli bireylerin de efsanelerimize [&hellip;]","og_url":"https:\/\/engelsizedebiyat.com.tr\/?page_id=2","og_site_name":"Engelsiz Edebiyat","article_modified_time":"2025-06-04T11:38:21+00:00","og_image":[{"url":"http:\/\/engelsizedebiyat.com.tr\/wp-content\/uploads\/2024\/01\/WhatsApp-Image-2024-01-08-at-14.35.58-1024x1024.jpeg","type":"","width":"","height":""}],"twitter_card":"summary_large_image","twitter_misc":{"Tahmini okuma s\u00fcresi":"4 dakika"},"schema":{"@context":"https:\/\/schema.org","@graph":[{"@type":"WebPage","@id":"https:\/\/engelsizedebiyat.com.tr\/?page_id=2","url":"https:\/\/engelsizedebiyat.com.tr\/?page_id=2","name":"Hakk\u0131m\u0131zda - Engelsiz Edebiyat","isPartOf":{"@id":"https:\/\/engelsizedebiyat.com.tr\/#website"},"primaryImageOfPage":{"@id":"https:\/\/engelsizedebiyat.com.tr\/?page_id=2#primaryimage"},"image":{"@id":"https:\/\/engelsizedebiyat.com.tr\/?page_id=2#primaryimage"},"thumbnailUrl":"http:\/\/engelsizedebiyat.com.tr\/wp-content\/uploads\/2024\/01\/WhatsApp-Image-2024-01-08-at-14.35.58-1024x1024.jpeg","datePublished":"2023-12-28T09:11:27+00:00","dateModified":"2025-06-04T11:38:21+00:00","breadcrumb":{"@id":"https:\/\/engelsizedebiyat.com.tr\/?page_id=2#breadcrumb"},"inLanguage":"tr","potentialAction":[{"@type":"ReadAction","target":["https:\/\/engelsizedebiyat.com.tr\/?page_id=2"]}]},{"@type":"ImageObject","inLanguage":"tr","@id":"https:\/\/engelsizedebiyat.com.tr\/?page_id=2#primaryimage","url":"http:\/\/engelsizedebiyat.com.tr\/wp-content\/uploads\/2024\/01\/WhatsApp-Image-2024-01-08-at-14.35.58-1024x1024.jpeg","contentUrl":"http:\/\/engelsizedebiyat.com.tr\/wp-content\/uploads\/2024\/01\/WhatsApp-Image-2024-01-08-at-14.35.58-1024x1024.jpeg"},{"@type":"BreadcrumbList","@id":"https:\/\/engelsizedebiyat.com.tr\/?page_id=2#breadcrumb","itemListElement":[{"@type":"ListItem","position":1,"name":"Anasayfa","item":"https:\/\/engelsizedebiyat.com.tr\/"},{"@type":"ListItem","position":2,"name":"Hakk\u0131m\u0131zda"}]},{"@type":"WebSite","@id":"https:\/\/engelsizedebiyat.com.tr\/#website","url":"https:\/\/engelsizedebiyat.com.tr\/","name":"Engelsiz Edebiyat","description":"","publisher":{"@id":"https:\/\/engelsizedebiyat.com.tr\/#organization"},"potentialAction":[{"@type":"SearchAction","target":{"@type":"EntryPoint","urlTemplate":"https:\/\/engelsizedebiyat.com.tr\/?s={search_term_string}"},"query-input":{"@type":"PropertyValueSpecification","valueRequired":true,"valueName":"search_term_string"}}],"inLanguage":"tr"},{"@type":"Organization","@id":"https:\/\/engelsizedebiyat.com.tr\/#organization","name":"Engelsiz Edebiyat","url":"https:\/\/engelsizedebiyat.com.tr\/","logo":{"@type":"ImageObject","inLanguage":"tr","@id":"https:\/\/engelsizedebiyat.com.tr\/#\/schema\/logo\/image\/","url":"https:\/\/engelsizedebiyat.com.tr\/wp-content\/uploads\/2023\/12\/cropped-logokucuk.jpg","contentUrl":"https:\/\/engelsizedebiyat.com.tr\/wp-content\/uploads\/2023\/12\/cropped-logokucuk.jpg","width":300,"height":150,"caption":"Engelsiz Edebiyat"},"image":{"@id":"https:\/\/engelsizedebiyat.com.tr\/#\/schema\/logo\/image\/"}}]}},"_links":{"self":[{"href":"https:\/\/engelsizedebiyat.com.tr\/index.php?rest_route=\/wp\/v2\/pages\/2","targetHints":{"allow":["GET"]}}],"collection":[{"href":"https:\/\/engelsizedebiyat.com.tr\/index.php?rest_route=\/wp\/v2\/pages"}],"about":[{"href":"https:\/\/engelsizedebiyat.com.tr\/index.php?rest_route=\/wp\/v2\/types\/page"}],"author":[{"embeddable":true,"href":"https:\/\/engelsizedebiyat.com.tr\/index.php?rest_route=\/wp\/v2\/users\/1"}],"replies":[{"embeddable":true,"href":"https:\/\/engelsizedebiyat.com.tr\/index.php?rest_route=%2Fwp%2Fv2%2Fcomments&post=2"}],"version-history":[{"count":6,"href":"https:\/\/engelsizedebiyat.com.tr\/index.php?rest_route=\/wp\/v2\/pages\/2\/revisions"}],"predecessor-version":[{"id":1980,"href":"https:\/\/engelsizedebiyat.com.tr\/index.php?rest_route=\/wp\/v2\/pages\/2\/revisions\/1980"}],"wp:attachment":[{"href":"https:\/\/engelsizedebiyat.com.tr\/index.php?rest_route=%2Fwp%2Fv2%2Fmedia&parent=2"}],"curies":[{"name":"wp","href":"https:\/\/api.w.org\/{rel}","templated":true}]}}